{"id":3639,"date":"2025-02-20T20:29:29","date_gmt":"2025-02-20T19:29:29","guid":{"rendered":"https:\/\/kampery.rzeszow.pl\/Ogloszenia\/?post_type=product&#038;p=3639"},"modified":"2025-02-20T20:36:44","modified_gmt":"2025-02-20T19:36:44","slug":"roller-team-zefiro-285tl-krotszy-699m","status":"publish","type":"product","link":"https:\/\/kampery.rzeszow.pl\/Ogloszenia\/produkt\/roller-team-zefiro-285tl-krotszy-699m\/","title":{"rendered":"ROLLER TEAM ZEFIRO 285TL KR\u00d3TSZY 6,99m"},"content":{"rendered":"<p><strong>ROLLER TEAM ZEFIRO 285TL<\/strong><\/p>\n<p><a href=\"http:\/\/kampery.rzeszow.pl\/Ogloszenia\/wp-content\/uploads\/2025\/02\/RT_KRONOS_285TL_2025-1536x764-1.webp\"><img loading=\"lazy\" decoding=\"async\" class=\"alignnone size-medium wp-image-3640\" src=\"http:\/\/kampery.rzeszow.pl\/Ogloszenia\/wp-content\/uploads\/2025\/02\/RT_KRONOS_285TL_2025-1536x764-1-300x149.webp\" alt=\"\" width=\"300\" height=\"149\" srcset=\"https:\/\/kampery.rzeszow.pl\/Ogloszenia\/wp-content\/uploads\/2025\/02\/RT_KRONOS_285TL_2025-1536x764-1-300x149.webp 300w, https:\/\/kampery.rzeszow.pl\/Ogloszenia\/wp-content\/uploads\/2025\/02\/RT_KRONOS_285TL_2025-1536x764-1-1024x509.webp 1024w, https:\/\/kampery.rzeszow.pl\/Ogloszenia\/wp-content\/uploads\/2025\/02\/RT_KRONOS_285TL_2025-1536x764-1-768x382.webp 768w, https:\/\/kampery.rzeszow.pl\/Ogloszenia\/wp-content\/uploads\/2025\/02\/RT_KRONOS_285TL_2025-1536x764-1-600x298.webp 600w, https:\/\/kampery.rzeszow.pl\/Ogloszenia\/wp-content\/uploads\/2025\/02\/RT_KRONOS_285TL_2025-1536x764-1.webp 1536w\" sizes=\"auto, (max-width: 300px) 100vw, 300px\" \/><\/a><\/p>\n<p>&nbsp;<\/p>\n<p><strong>SPECYFIKACJA TECHNICZNA KAMPERA:<\/strong><\/p>\n<p>&nbsp;<\/p>\n<p>d\u0142ugo\u015b\u0107 (mm): 6990<\/p>\n<p>szeroko\u015b\u0107 (mm): 2350<\/p>\n<p>wysoko\u015b\u0107 (mm): 2950<\/p>\n<p>&nbsp;<\/p>\n<p>SAMOCH\u00d3D : FORD TRANSIT 2.0 diesel <strong>165 KM<u><br \/>\n<\/u>ROK PRODUKCJI: 2025<\/strong><br \/>\nILO\u015a\u0106 OS\u00d3B : 5<br \/>\nDMC: 3500 kg<\/p>\n<p>Skrzynia bieg\u00f3w: <strong>automatyczna<\/strong><\/p>\n<hr \/>\n<p>&nbsp;<\/p>\n<p dir=\"ltr\"><b><strong>Wyposa\u017cenie Standardowe:<\/strong><\/b><\/p>\n<p dir=\"ltr\">Klimatyzacja silnikowa<\/p>\n<p dir=\"ltr\">ESP<\/p>\n<p dir=\"ltr\">Stela\u017c \u0142\u00f3\u017cka i materace<\/p>\n<p dir=\"ltr\">Poduszka powietrzna kierowcy i pasa\u017cera<\/p>\n<p dir=\"ltr\">Drzwi wej\u015bciowe z oknem<\/p>\n<p dir=\"ltr\">Moskitiera w drzwiach wej\u015bciowych<\/p>\n<p dir=\"ltr\">Pokrowce na siedzenia<\/p>\n<p dir=\"ltr\">Grubo\u015b\u0107 pod\u0142ogi\/\u015bcian\/dachu (cm) 5,4\/3\/3<\/p>\n<p dir=\"ltr\">\u015aciany z w\u0142\u00f3kna szklanego<\/p>\n<p dir=\"ltr\">Schowek na 2 butle gazowe<\/p>\n<p dir=\"ltr\">Zbiornik na czyst\u0105 wod\u0119 100L<\/p>\n<p dir=\"ltr\">Zbiornik na \u015bcieki 100L<\/p>\n<p dir=\"ltr\">Obrotowe siedzenia w kabinie kierowcy<\/p>\n<p dir=\"ltr\">Kuchenka gazowa 2 palnikowa<\/p>\n<p dir=\"ltr\">\u0141\u00f3\u017cko opuszczane elektrycznie w cz\u0119\u015bci dziennej nad stolikiem<\/p>\n<p dir=\"ltr\">Poszerzana o\u015b<\/p>\n<p dir=\"ltr\">Fix 7 Go zestaw naprawczy<\/p>\n<p dir=\"ltr\">Zamek centralny do kabiny kierowcy z pilotem<\/p>\n<p dir=\"ltr\">ABS<\/p>\n<p dir=\"ltr\">Fotele kierowcy i pasa\u017cera z regulacj\u0105 wysoko\u015bci i nachylenia<\/p>\n<p dir=\"ltr\">Drugie drzwi gara\u017cowe zapewniaj\u0105ce doj\u015bcie do gara\u017cu od strony kierowcy jak i pasa\u017cera<\/p>\n<p dir=\"ltr\">Zderzak przedni w kolorze nadwozia<\/p>\n<p dir=\"ltr\">Gniazdko 230V w luku baga\u017cowym<\/p>\n<p dir=\"ltr\">Gniazdko USB w sypialni<\/p>\n<p dir=\"ltr\">Drzwi wej\u015bciowe do zabudowy XL<\/p>\n<hr \/>\n<p dir=\"ltr\"><b><strong>PAKIET FORD:<\/strong><\/b><\/p>\n<p dir=\"ltr\">Silnik 165 KM<\/p>\n<p dir=\"ltr\">Reflektory ze statycznym do\u015bwietlaniem zakr\u0119t\u00f3w<\/p>\n<p dir=\"ltr\">Wyko\u0144czenie wn\u0119trza i deska rozdzielcza \u201eTrend\u201d.<\/p>\n<p dir=\"ltr\">Zderzaki i listwy boczne pomalowane w kolorze nadwozia<\/p>\n<p dir=\"ltr\">XL &#8211; drzwi mieszkalne z 2 punktami ryglowania, oknem i centralnym zamykaniem<\/p>\n<p dir=\"ltr\">Panel s\u0142oneczny o mocy 200 W z kontrolerem MPPT<\/p>\n<p dir=\"ltr\">Plisowana roleta kabiny na drzwiach bocznych + roleta szyby przedniej<\/p>\n<p dir=\"ltr\">Ekran dotykowy 12 cali w desce rozdzielczej FORD<\/p>\n<hr \/>\n<p dir=\"ltr\"><b><strong>PAKIET SELEKT:<\/strong><\/b><\/p>\n<p dir=\"ltr\">8 stopniowa automatyczna skrzynia bieg\u00f3w<\/p>\n<hr \/>\n<p dir=\"ltr\"><b><strong>PAKIET EXTRA ASSISTANCE:<\/strong><\/b><\/p>\n<p dir=\"ltr\">Adaptacyjny tempomat z centrowaniem pasa ruchu i funkcj\u0105 Stop &amp; Go<\/p>\n<p dir=\"ltr\">Rozpoznawanie znak\u00f3w zintegrowane z adaptacyjnym tempomatem<\/p>\n<p dir=\"ltr\">Przednia szyba podgrzewana<\/p>\n<p dir=\"ltr\">Asystent przedkolizyjny 2.2<\/p>\n<p dir=\"ltr\">Sk\u0142adane lusterka podgrzewane<\/p>\n<p dir=\"ltr\">Centrum nawigacji<\/p>\n<hr \/>\n<p dir=\"ltr\"><b><strong>NOWO\u015a\u0106 !!!<\/strong><\/b><\/p>\n<p dir=\"ltr\"><b><strong>PAKIET ZEFIRO:<\/strong><\/b><\/p>\n<p dir=\"ltr\">Wzmocnione ogrzewanie TRUMA COMBI 6000W GAS wraz z<\/p>\n<p dir=\"ltr\">Truma iNet X control panel<\/p>\n<p dir=\"ltr\">\u015awiat\u0142a tylne w technologii LED<\/p>\n<p dir=\"ltr\">Markiza THULE OMNOSTOR 5200 (kolor kasety antracyt)<\/p>\n<p dir=\"ltr\">Zewn\u0119trzne wyj\u015bcie gazu (szybkoz\u0142\u0105cze gazowe)<\/p>\n<p dir=\"ltr\">Prysznic zewn\u0119trzny<\/p>\n<p dir=\"ltr\">Izolowany i ogrzewany zbiornik szarej wody<\/p>\n<p dir=\"ltr\">Lod\u00f3wka kompresorowa 158L<\/p>\n<p dir=\"ltr\">Funkcja Coming Home z o\u015bwietleniem grzeczno\u015bciowym podczas<\/p>\n<p dir=\"ltr\">odblokowywania drzwi za pomoc\u0105 centralnego zamka<\/p>\n<hr \/>\n<p dir=\"ltr\"><b><strong>Cena zawieraj\u0105ca akcyz\u0119 i koszt transportu z fabryki:<\/strong><\/b><\/p>\n<p dir=\"ltr\">363 000 z\u0142 brutto (z VAT)<\/p>\n<p dir=\"ltr\">295 122 z\u0142 netto<\/p>\n<hr \/>\n<p>&nbsp;<\/p>\n<p><em>Niniejsze og\u0142oszenie nie stanowi oferty w my\u015bl k.c. Mimo do\u0142o\u017conych stara\u0144 mog\u0105 znale\u017a\u0107 si\u0119 b\u0142\u0119dy w og\u0142oszeniu.<\/em><\/p>\n","protected":false},"excerpt":{"rendered":"<p>ROLLER TEAM ZEFIRO 285TL &nbsp; SPECYFIKACJA TECHNICZNA KAMPERA: &nbsp; d\u0142ugo\u015b\u0107 (mm): 6990 szeroko\u015b\u0107 (mm): 2350 wysoko\u015b\u0107 (mm): 2950 &nbsp; SAMOCH\u00d3D : FORD TRANSIT 2.0 diesel 165 KM ROK PRODUKCJI: 2025 ILO\u015a\u0106 OS\u00d3B : 5 DMC: 3500 kg Skrzynia bieg\u00f3w: automatyczna &hellip; <a href=\"https:\/\/kampery.rzeszow.pl\/Ogloszenia\/produkt\/roller-team-zefiro-285tl-krotszy-699m\/\">Continued<\/a><\/p>\n","protected":false},"featured_media":3641,"template":"","meta":[],"product_brand":[],"product_cat":[18],"product_tag":[],"class_list":{"0":"post-3639","1":"product","2":"type-product","3":"status-publish","4":"has-post-thumbnail","6":"product_cat-kampery","8":"first","9":"instock","10":"taxable","11":"shipping-taxable","12":"purchasable","13":"product-type-simple"},"_links":{"self":[{"href":"https:\/\/kampery.rzeszow.pl\/Ogloszenia\/wp-json\/wp\/v2\/product\/3639","targetHints":{"allow":["GET"]}}],"collection":[{"href":"https:\/\/kampery.rzeszow.pl\/Ogloszenia\/wp-json\/wp\/v2\/product"}],"about":[{"href":"https:\/\/kampery.rzeszow.pl\/Ogloszenia\/wp-json\/wp\/v2\/types\/product"}],"wp:featuredmedia":[{"embeddable":true,"href":"https:\/\/kampery.rzeszow.pl\/Ogloszenia\/wp-json\/wp\/v2\/media\/3641"}],"wp:attachment":[{"href":"https:\/\/kampery.rzeszow.pl\/Ogloszenia\/wp-json\/wp\/v2\/media?parent=3639"}],"wp:term":[{"taxonomy":"product_brand","embeddable":true,"href":"https:\/\/kampery.rzeszow.pl\/Ogloszenia\/wp-json\/wp\/v2\/product_brand?post=3639"},{"taxonomy":"product_cat","embeddable":true,"href":"https:\/\/kampery.rzeszow.pl\/Ogloszenia\/wp-json\/wp\/v2\/product_cat?post=3639"},{"taxonomy":"product_tag","embeddable":true,"href":"https:\/\/kampery.rzeszow.pl\/Ogloszenia\/wp-json\/wp\/v2\/product_tag?post=3639"}],"curies":[{"name":"wp","href":"https:\/\/api.w.org\/{rel}","templated":true}]}}